{"id":48,"date":"2025-05-29T17:19:08","date_gmt":"2025-05-29T17:19:08","guid":{"rendered":"https:\/\/chatimeet.com\/?page_id=48"},"modified":"2025-05-30T18:01:12","modified_gmt":"2025-05-30T16:01:12","slug":"terms","status":"publish","type":"page","link":"https:\/\/chatimeet.com\/fr\/terms\/","title":{"rendered":"Conditions"},"content":{"rendered":"<div data-elementor-type=\"wp-page\" data-elementor-id=\"48\" class=\"elementor elementor-48\" data-elementor-post-type=\"page\">\n\t\t\t\t\t\t<section class=\"elementor-section elementor-top-section elementor-element elementor-element-aa602b1 elementor-section-boxed elementor-section-height-default elementor-section-height-default\" data-id=\"aa602b1\" data-element_type=\"section\" data-e-type=\"section\">\n\t\t\t\t\t\t<div class=\"elementor-container elementor-column-gap-default\">\n\t\t\t\t\t<div class=\"elementor-column elementor-col-100 elementor-top-column elementor-element elementor-element-deb4e48\" data-id=\"deb4e48\" data-element_type=\"column\" data-e-type=\"column\">\n\t\t\t<div class=\"elementor-widget-wrap elementor-element-populated\">\n\t\t\t\t\t\t<div class=\"elementor-element elementor-element-88330ff elementor-widget elementor-widget-heading\" data-id=\"88330ff\" data-element_type=\"widget\" data-e-type=\"widget\" data-widget_type=\"heading.default\">\n\t\t\t\t\t<h1 class=\"elementor-heading-title elementor-size-default\">Conditions<\/h1>\t\t\t\t<\/div>\n\t\t\t\t\t<\/div>\n\t\t<\/div>\n\t\t\t\t\t<\/div>\n\t\t<\/section>\n\t\t\t\t<section class=\"elementor-section elementor-top-section elementor-element elementor-element-e61e2e0 elementor-section-boxed elementor-section-height-default elementor-section-height-default\" data-id=\"e61e2e0\" data-element_type=\"section\" data-e-type=\"section\">\n\t\t\t\t\t\t<div class=\"elementor-container elementor-column-gap-default\">\n\t\t\t\t\t<div class=\"elementor-column elementor-col-100 elementor-top-column elementor-element elementor-element-edbd578\" data-id=\"edbd578\" data-element_type=\"column\" data-e-type=\"column\">\n\t\t\t<div class=\"elementor-widget-wrap elementor-element-populated\">\n\t\t\t\t\t\t<div class=\"elementor-element elementor-element-59fb3ca elementor-widget elementor-widget-text-editor\" data-id=\"59fb3ca\" data-element_type=\"widget\" data-e-type=\"widget\" data-widget_type=\"text-editor.default\">\n\t\t\t\t\t\t\t\t\t<p>Bienvenue sur ChatiMeet.com ! Ces conditions de service (\"Conditions\") r\u00e9gissent votre acc\u00e8s et votre utilisation de notre site web, de nos services et de nos applications (collectivement, les \"Services\"). Veuillez lire attentivement ces conditions. En acc\u00e9dant \u00e0 nos services ou en les utilisant, vous acceptez d'\u00eatre li\u00e9 par ces conditions et par notre politique de confidentialit\u00e9.<\/p><h3>\u00c9ligibilit\u00e9<\/h3><p>Pour acc\u00e9der \u00e0 nos services et les utiliser, vous devez \u00eatre \u00e2g\u00e9 d'au moins 13 ans. En utilisant ChatiMeet.com, vous d\u00e9clarez et garantissez que vous remplissez les conditions d'\u00e2ge et que vous avez la capacit\u00e9 juridique de conclure les pr\u00e9sentes conditions. Si vous avez moins de 13 ans, vous ne pouvez pas utiliser nos services.<\/p><h3>Comportement de l'utilisateur<\/h3><p>Vous \u00eates seul responsable de votre conduite lors de l'utilisation de nos services. Vous acceptez de respecter nos r\u00e8gles de conduite, ainsi que toutes les lois et r\u00e9glementations locales, nationales et internationales applicables. Toute violation des pr\u00e9sentes conditions ou de nos r\u00e8gles de conduite peut entra\u00eener la suspension ou la r\u00e9siliation de votre acc\u00e8s \u00e0 nos services.<\/p><h3>Contenu utilisateur<\/h3><p>ChatiMeet.com peut permettre aux utilisateurs de soumettre, poster ou partager du contenu, tel que du texte, des images ou des vid\u00e9os (\"Contenu Utilisateur\"). Vous restez propri\u00e9taire de votre Contenu Utilisateur mais vous nous accordez une licence mondiale, non exclusive, libre de droits, sous-licenciable et transf\u00e9rable pour utiliser, reproduire, distribuer, cr\u00e9er des \u0153uvres d\u00e9riv\u00e9es, afficher et ex\u00e9cuter votre Contenu Utilisateur dans le cadre de nos Services.<\/p><p>Vous d\u00e9clarez et garantissez que vous disposez des droits, licences et autorisations n\u00e9cessaires pour accorder cette licence et que votre contenu utilisateur n'enfreint aucun droit de tiers, y compris les droits de propri\u00e9t\u00e9 intellectuelle, les droits \u00e0 la vie priv\u00e9e ou les droits de publicit\u00e9.<\/p><h3>Propri\u00e9t\u00e9 intellectuelle<\/h3><p>Tout le contenu et le mat\u00e9riel de nos services, y compris les textes, les graphiques, les logos, les ic\u00f4nes, les images et les logiciels, sont la propri\u00e9t\u00e9 de ChatiMeet.com ou de ses conc\u00e9dants de licence et sont prot\u00e9g\u00e9s par les lois sur les droits d'auteur, les marques de commerce et d'autres lois sur la propri\u00e9t\u00e9 intellectuelle. Vous ne pouvez pas reproduire, distribuer, modifier, cr\u00e9er des \u0153uvres d\u00e9riv\u00e9es, afficher publiquement ou exploiter commercialement tout contenu ou mat\u00e9riel de nos services sans notre consentement \u00e9crit pr\u00e9alable.<\/p><h3>Exclusion de garantie<\/h3><p>Nos services sont fournis \"tels quels\" et \"tels que disponibles\" sans garantie d'aucune sorte, expresse ou implicite, y compris, mais sans s'y limiter, les garanties implicites de qualit\u00e9 marchande, d'ad\u00e9quation \u00e0 un usage particulier et d'absence de contrefa\u00e7on. ChatiMeet.com ne garantit pas que les services seront exempts d'erreurs, ininterrompus, s\u00e9curis\u00e9s ou exempts de virus ou d'autres composants nuisibles.<\/p><h3>Limitation de la responsabilit\u00e9<\/h3><p>En aucun cas ChatiMeet.com ou ses affili\u00e9s, directeurs, cadres, employ\u00e9s ou agents ne pourront \u00eatre tenus responsables des dommages directs, indirects, accessoires, sp\u00e9ciaux, cons\u00e9cutifs ou punitifs, y compris, mais sans s'y limiter, la perte de profits, de donn\u00e9es ou de fonds de commerce, r\u00e9sultant de ou en rapport avec votre acc\u00e8s ou votre utilisation de nos services, m\u00eame s'ils ont \u00e9t\u00e9 inform\u00e9s de la possibilit\u00e9 de tels dommages.<\/p><h3>Indemnisation<\/h3><p>Vous acceptez d'indemniser, de d\u00e9fendre et de d\u00e9gager de toute responsabilit\u00e9 ChatiMeet.com et ses affili\u00e9s, directeurs, officiers, employ\u00e9s et agents contre toute r\u00e9clamation, responsabilit\u00e9, dommage, perte ou d\u00e9pense, y compris les frais raisonnables d'avocat, d\u00e9coulant de ou en relation avec votre acc\u00e8s ou utilisation de nos services ou de votre violation de ces conditions.<\/p><h3>Cessation d'activit\u00e9<\/h3><p>Nous nous r\u00e9servons le droit, \u00e0 notre seule discr\u00e9tion, de suspendre ou de r\u00e9silier votre acc\u00e8s \u00e0 nos services \u00e0 tout moment, avec ou sans pr\u00e9avis, pour quelque raison que ce soit, y compris, mais sans s'y limiter, en cas de violation des pr\u00e9sentes conditions ou de nos r\u00e8gles de conduite.<\/p><h3>Modifications des pr\u00e9sentes conditions<\/h3><p>Nous pouvons mettre \u00e0 jour ou modifier ces conditions \u00e0 tout moment, \u00e0 notre seule discr\u00e9tion. Nous vous informerons de toute modification en publiant<\/p><p>les conditions mises \u00e0 jour sur notre plateforme, ainsi que la date de la derni\u00e8re mise \u00e0 jour. En continuant \u00e0 utiliser nos services apr\u00e8s toute modification des pr\u00e9sentes conditions, vous acceptez les conditions mises \u00e0 jour.<\/p><h3>Droit applicable et juridiction<\/h3><p>Les pr\u00e9sentes conditions et tout litige d\u00e9coulant des pr\u00e9sentes conditions ou de votre utilisation de nos services sont r\u00e9gis et interpr\u00e9t\u00e9s conform\u00e9ment aux lois de l'Afrique du Sud. Vous acceptez de vous soumettre \u00e0 la juridiction exclusive des tribunaux d'Afrique du Sud pour r\u00e9soudre tout litige d\u00e9coulant des pr\u00e9sentes conditions ou de votre utilisation de nos services.<\/p><h3>S\u00e9v\u00e9rit\u00e9<\/h3><p>Si une disposition des pr\u00e9sentes conditions est jug\u00e9e invalide ou inapplicable par un tribunal comp\u00e9tent, les autres dispositions des pr\u00e9sentes conditions resteront pleinement en vigueur.<\/p><h3>Renonciation<\/h3><p>Aucune renonciation \u00e0 une disposition des pr\u00e9sentes conditions ne sera consid\u00e9r\u00e9e comme une renonciation ult\u00e9rieure ou continue \u00e0 cette disposition ou \u00e0 toute autre disposition, et le fait que nous ne fassions pas valoir un droit ou une disposition en vertu des pr\u00e9sentes conditions ne constituera pas une renonciation \u00e0 ce droit ou \u00e0 cette disposition.<\/p><h3>Nous contacter<\/h3><p>Si vous avez des questions ou des pr\u00e9occupations concernant ces conditions, veuillez nous contacter via notre page de contact.<\/p>\t\t\t\t\t\t\t\t<\/div>\n\t\t\t\t\t<\/div>\n\t\t<\/div>\n\t\t\t\t\t<\/div>\n\t\t<\/section>\n\t\t\t\t<\/div>","protected":false},"excerpt":{"rendered":"<p>Terms Welcome to ChatiMeet.com! These Terms of Service (&#8220;Terms&#8221;) govern your access to and use of our website, services, and applications (collectively, the &#8220;Services&#8221;). Please read these Terms carefully. By accessing or using our Services, you agree to be bound by these Terms and our Privacy Policy. Eligibility To access and use our Services, you [&hellip;]<\/p>\n","protected":false},"author":1,"featured_media":0,"parent":0,"menu_order":0,"comment_status":"closed","ping_status":"closed","template":"elementor_header_footer","meta":{"footnotes":""},"class_list":["post-48","page","type-page","status-publish","hentry"],"yoast_head":"<!-- This site is optimized with the Yoast SEO plugin v27.3 - https:\/\/yoast.com\/product\/yoast-seo-wordpress\/ -->\n<title>Terms - ChatiMeet<\/title>\n<meta name=\"robots\" content=\"index, follow, max-snippet:-1, max-image-preview:large, max-video-preview:-1\" \/>\n<link rel=\"canonical\" href=\"https:\/\/chatimeet.com\/fr\/terms\/\" \/>\n<meta property=\"og:locale\" content=\"fr_FR\" \/>\n<meta property=\"og:type\" content=\"article\" \/>\n<meta property=\"og:title\" content=\"Terms - ChatiMeet\" \/>\n<meta property=\"og:description\" content=\"Terms Welcome to ChatiMeet.com! These Terms of Service (&#8220;Terms&#8221;) govern your access to and use of our website, services, and applications (collectively, the &#8220;Services&#8221;). Please read these Terms carefully. By accessing or using our Services, you agree to be bound by these Terms and our Privacy Policy. Eligibility To access and use our Services, you [&hellip;]\" \/>\n<meta property=\"og:url\" content=\"https:\/\/chatimeet.com\/fr\/terms\/\" \/>\n<meta property=\"og:site_name\" content=\"ChatiMeet\" \/>\n<meta property=\"article:modified_time\" content=\"2025-05-30T16:01:12+00:00\" \/>\n<meta property=\"og:image\" content=\"https:\/\/chatimeet.com\/wp-content\/uploads\/2023\/05\/64731f1e55365.jpg\" \/>\n\t<meta property=\"og:image:width\" content=\"1024\" \/>\n\t<meta property=\"og:image:height\" content=\"683\" \/>\n\t<meta property=\"og:image:type\" content=\"image\/jpeg\" \/>\n<meta name=\"twitter:card\" content=\"summary_large_image\" \/>\n<meta name=\"twitter:label1\" content=\"Dur\u00e9e de lecture estim\u00e9e\" \/>\n\t<meta name=\"twitter:data1\" content=\"4 minutes\" \/>\n<script type=\"application\/ld+json\" class=\"yoast-schema-graph\">{\"@context\":\"https:\\\/\\\/schema.org\",\"@graph\":[{\"@type\":\"WebPage\",\"@id\":\"https:\\\/\\\/chatimeet.com\\\/terms\\\/\",\"url\":\"https:\\\/\\\/chatimeet.com\\\/terms\\\/\",\"name\":\"Terms - ChatiMeet\",\"isPartOf\":{\"@id\":\"https:\\\/\\\/chatimeet.com\\\/#website\"},\"datePublished\":\"2025-05-29T17:19:08+00:00\",\"dateModified\":\"2025-05-30T16:01:12+00:00\",\"breadcrumb\":{\"@id\":\"https:\\\/\\\/chatimeet.com\\\/terms\\\/#breadcrumb\"},\"inLanguage\":\"fr-FR\",\"potentialAction\":[{\"@type\":\"ReadAction\",\"target\":[\"https:\\\/\\\/chatimeet.com\\\/terms\\\/\"]}]},{\"@type\":\"BreadcrumbList\",\"@id\":\"https:\\\/\\\/chatimeet.com\\\/terms\\\/#breadcrumb\",\"itemListElement\":[{\"@type\":\"ListItem\",\"position\":1,\"name\":\"Home\",\"item\":\"https:\\\/\\\/chatimeet.com\\\/\"},{\"@type\":\"ListItem\",\"position\":2,\"name\":\"Terms\"}]},{\"@type\":\"WebSite\",\"@id\":\"https:\\\/\\\/chatimeet.com\\\/#website\",\"url\":\"https:\\\/\\\/chatimeet.com\\\/\",\"name\":\"ChatiMeet\",\"description\":\"\",\"publisher\":{\"@id\":\"https:\\\/\\\/chatimeet.com\\\/#organization\"},\"potentialAction\":[{\"@type\":\"SearchAction\",\"target\":{\"@type\":\"EntryPoint\",\"urlTemplate\":\"https:\\\/\\\/chatimeet.com\\\/?s={search_term_string}\"},\"query-input\":{\"@type\":\"PropertyValueSpecification\",\"valueRequired\":true,\"valueName\":\"search_term_string\"}}],\"inLanguage\":\"fr-FR\"},{\"@type\":\"Organization\",\"@id\":\"https:\\\/\\\/chatimeet.com\\\/#organization\",\"name\":\"LuckyCrush\",\"url\":\"https:\\\/\\\/chatimeet.com\\\/\",\"logo\":{\"@type\":\"ImageObject\",\"inLanguage\":\"fr-FR\",\"@id\":\"https:\\\/\\\/chatimeet.com\\\/#\\\/schema\\\/logo\\\/image\\\/\",\"url\":\"https:\\\/\\\/chatimeet.com\\\/wp-content\\\/uploads\\\/2020\\\/04\\\/chats-favicon.jpg\",\"contentUrl\":\"https:\\\/\\\/chatimeet.com\\\/wp-content\\\/uploads\\\/2020\\\/04\\\/chats-favicon.jpg\",\"width\":420,\"height\":420,\"caption\":\"LuckyCrush\"},\"image\":{\"@id\":\"https:\\\/\\\/chatimeet.com\\\/#\\\/schema\\\/logo\\\/image\\\/\"}}]}<\/script>\n<!-- \/ Yoast SEO plugin. -->","yoast_head_json":{"title":"Conditions - ChatiMeet","robots":{"index":"index","follow":"follow","max-snippet":"max-snippet:-1","max-image-preview":"max-image-preview:large","max-video-preview":"max-video-preview:-1"},"canonical":"https:\/\/chatimeet.com\/fr\/terms\/","og_locale":"fr_FR","og_type":"article","og_title":"Terms - ChatiMeet","og_description":"Terms Welcome to ChatiMeet.com! These Terms of Service (&#8220;Terms&#8221;) govern your access to and use of our website, services, and applications (collectively, the &#8220;Services&#8221;). Please read these Terms carefully. By accessing or using our Services, you agree to be bound by these Terms and our Privacy Policy. Eligibility To access and use our Services, you [&hellip;]","og_url":"https:\/\/chatimeet.com\/fr\/terms\/","og_site_name":"ChatiMeet","article_modified_time":"2025-05-30T16:01:12+00:00","og_image":[{"width":1024,"height":683,"url":"https:\/\/chatimeet.com\/wp-content\/uploads\/2023\/05\/64731f1e55365.jpg","type":"image\/jpeg"}],"twitter_card":"summary_large_image","twitter_misc":{"Dur\u00e9e de lecture estim\u00e9e":"4 minutes"},"schema":{"@context":"https:\/\/schema.org","@graph":[{"@type":"WebPage","@id":"https:\/\/chatimeet.com\/terms\/","url":"https:\/\/chatimeet.com\/terms\/","name":"Conditions - ChatiMeet","isPartOf":{"@id":"https:\/\/chatimeet.com\/#website"},"datePublished":"2025-05-29T17:19:08+00:00","dateModified":"2025-05-30T16:01:12+00:00","breadcrumb":{"@id":"https:\/\/chatimeet.com\/terms\/#breadcrumb"},"inLanguage":"fr-FR","potentialAction":[{"@type":"ReadAction","target":["https:\/\/chatimeet.com\/terms\/"]}]},{"@type":"BreadcrumbList","@id":"https:\/\/chatimeet.com\/terms\/#breadcrumb","itemListElement":[{"@type":"ListItem","position":1,"name":"Home","item":"https:\/\/chatimeet.com\/"},{"@type":"ListItem","position":2,"name":"Terms"}]},{"@type":"WebSite","@id":"https:\/\/chatimeet.com\/#website","url":"https:\/\/chatimeet.com\/","name":"ChatiMeet","description":"","publisher":{"@id":"https:\/\/chatimeet.com\/#organization"},"potentialAction":[{"@type":"SearchAction","target":{"@type":"EntryPoint","urlTemplate":"https:\/\/chatimeet.com\/?s={search_term_string}"},"query-input":{"@type":"PropertyValueSpecification","valueRequired":true,"valueName":"search_term_string"}}],"inLanguage":"fr-FR"},{"@type":"Organization","@id":"https:\/\/chatimeet.com\/#organization","name":"LuckyCrush","url":"https:\/\/chatimeet.com\/","logo":{"@type":"ImageObject","inLanguage":"fr-FR","@id":"https:\/\/chatimeet.com\/#\/schema\/logo\/image\/","url":"https:\/\/chatimeet.com\/wp-content\/uploads\/2020\/04\/chats-favicon.jpg","contentUrl":"https:\/\/chatimeet.com\/wp-content\/uploads\/2020\/04\/chats-favicon.jpg","width":420,"height":420,"caption":"LuckyCrush"},"image":{"@id":"https:\/\/chatimeet.com\/#\/schema\/logo\/image\/"}}]}},"_links":{"self":[{"href":"https:\/\/chatimeet.com\/fr\/wp-json\/wp\/v2\/pages\/48","targetHints":{"allow":["GET"]}}],"collection":[{"href":"https:\/\/chatimeet.com\/fr\/wp-json\/wp\/v2\/pages"}],"about":[{"href":"https:\/\/chatimeet.com\/fr\/wp-json\/wp\/v2\/types\/page"}],"author":[{"embeddable":true,"href":"https:\/\/chatimeet.com\/fr\/wp-json\/wp\/v2\/users\/1"}],"replies":[{"embeddable":true,"href":"https:\/\/chatimeet.com\/fr\/wp-json\/wp\/v2\/comments?post=48"}],"version-history":[{"count":10,"href":"https:\/\/chatimeet.com\/fr\/wp-json\/wp\/v2\/pages\/48\/revisions"}],"predecessor-version":[{"id":2207,"href":"https:\/\/chatimeet.com\/fr\/wp-json\/wp\/v2\/pages\/48\/revisions\/2207"}],"wp:attachment":[{"href":"https:\/\/chatimeet.com\/fr\/wp-json\/wp\/v2\/media?parent=48"}],"curies":[{"name":"wp","href":"https:\/\/api.w.org\/{rel}","templated":true}]}}