{"id":51,"date":"2025-05-29T19:16:22","date_gmt":"2025-05-29T19:16:22","guid":{"rendered":"https:\/\/chatimeet.com\/?page_id=51"},"modified":"2025-05-30T18:01:12","modified_gmt":"2025-05-30T16:01:12","slug":"rules","status":"publish","type":"page","link":"https:\/\/chatimeet.com\/de\/rules\/","title":{"rendered":"Regeln"},"content":{"rendered":"<div data-elementor-type=\"wp-page\" data-elementor-id=\"51\" class=\"elementor elementor-51\" data-elementor-post-type=\"page\">\n\t\t\t\t\t\t<section class=\"elementor-section elementor-top-section elementor-element elementor-element-aa602b1 elementor-section-boxed elementor-section-height-default elementor-section-height-default\" data-id=\"aa602b1\" data-element_type=\"section\" data-e-type=\"section\">\n\t\t\t\t\t\t<div class=\"elementor-container elementor-column-gap-default\">\n\t\t\t\t\t<div class=\"elementor-column elementor-col-100 elementor-top-column elementor-element elementor-element-deb4e48\" data-id=\"deb4e48\" data-element_type=\"column\" data-e-type=\"column\">\n\t\t\t<div class=\"elementor-widget-wrap elementor-element-populated\">\n\t\t\t\t\t\t<div class=\"elementor-element elementor-element-88330ff elementor-widget elementor-widget-heading\" data-id=\"88330ff\" data-element_type=\"widget\" data-e-type=\"widget\" data-widget_type=\"heading.default\">\n\t\t\t\t\t<h1 class=\"elementor-heading-title elementor-size-default\">Regeln<\/h1>\t\t\t\t<\/div>\n\t\t\t\t\t<\/div>\n\t\t<\/div>\n\t\t\t\t\t<\/div>\n\t\t<\/section>\n\t\t\t\t<section class=\"elementor-section elementor-top-section elementor-element elementor-element-e61e2e0 elementor-section-boxed elementor-section-height-default elementor-section-height-default\" data-id=\"e61e2e0\" data-element_type=\"section\" data-e-type=\"section\">\n\t\t\t\t\t\t<div class=\"elementor-container elementor-column-gap-default\">\n\t\t\t\t\t<div class=\"elementor-column elementor-col-100 elementor-top-column elementor-element elementor-element-edbd578\" data-id=\"edbd578\" data-element_type=\"column\" data-e-type=\"column\">\n\t\t\t<div class=\"elementor-widget-wrap elementor-element-populated\">\n\t\t\t\t\t\t<div class=\"elementor-element elementor-element-59fb3ca elementor-widget__width-initial elementor-widget elementor-widget-text-editor\" data-id=\"59fb3ca\" data-element_type=\"widget\" data-e-type=\"widget\" data-widget_type=\"text-editor.default\">\n\t\t\t\t\t\t\t\t\t<p>Willkommen bei ChatiMeet.com! Unsere Plattform wurde entwickelt, um eine sichere und angenehme Umgebung f\u00fcr Benutzer zu schaffen, die sich in zuf\u00e4lligen Videochats mit Menschen aus der ganzen Welt engagieren m\u00f6chten. Um eine positive Erfahrung f\u00fcr alle Benutzer zu gew\u00e4hrleisten, haben wir eine Reihe von Regeln aufgestellt, die das akzeptable Verhalten auf unserer Plattform umrei\u00dfen. Durch den Zugriff auf und die Nutzung von ChatiMeet.com erkl\u00e4ren Sie sich damit einverstanden, diese Regeln zu befolgen.<\/p><h3>Seien Sie respektvoll und h\u00f6flich<\/h3><p>Behandeln Sie alle Nutzer mit Respekt und H\u00f6flichkeit, so wie Sie auch behandelt werden m\u00f6chten. F\u00fchren Sie freundliche und sinnvolle Gespr\u00e4che und verzichten Sie auf beleidigende Ausdr\u00fccke, Drohungen, Bel\u00e4stigungen oder Mobbing.<\/p><h3>Keine unangemessenen Inhalte<\/h3><p>Das Teilen von expliziten, anst\u00f6\u00dfigen oder anderweitig unangemessenen Inhalten ist auf ChatiMeet.com strengstens verboten. Dazu geh\u00f6ren unter anderem Nacktheit, eindeutige Bilder oder Videos, grafische Gewalt oder Hassreden. Benutzer, die solche Inhalte teilen, werden von der Plattform ausgeschlossen.<\/p><h3>Sch\u00fctzen Sie Ihre Privatsph\u00e4re<\/h3><p>Geben Sie zu Ihrer Sicherheit keine sensiblen pers\u00f6nlichen Informationen wie Ihren vollst\u00e4ndigen Namen, Ihre Adresse, Telefonnummer oder finanzielle Details an andere Nutzer weiter. Seien Sie vorsichtig, wenn Sie pers\u00f6nliche Dinge besprechen, und denken Sie daran, dass nicht jeder auf der Plattform Ihr Bestes im Sinn haben k\u00f6nnte.<\/p><h3>Kein Spam oder Werbung<\/h3><p>Das Bewerben von Produkten, Dienstleistungen oder Websites sowie das Versenden von Spam oder unerw\u00fcnschten Nachrichten ist auf ChatiMeet.com nicht gestattet. Benutzer, die sich an solchen Aktivit\u00e4ten beteiligen, werden von der Plattform ausgeschlossen.<\/p><h3>Keine Nachahmung<\/h3><p>Es ist strengstens verboten, sich als eine andere Person auszugeben, egal ob es sich um einen Nutzer oder einen Mitarbeiter von ChatiMeet.com handelt. Benutzer, die sich als andere ausgeben, werden von der Plattform ausgeschlossen.<\/p><h3>Altersbeschr\u00e4nkungen<\/h3><p>ChatiMeet.com ist f\u00fcr Nutzer ab 13 Jahren gedacht. Benutzer unter 13 Jahren sind auf der Plattform nicht erlaubt. Wenn Sie einen Nutzer sehen, der minderj\u00e4hrig zu sein scheint, melden Sie ihn bitte unseren Moderatoren.<\/p><h3>Fehlverhalten melden<\/h3><p>Wenn Sie einen Benutzer sehen, der gegen diese Regeln verst\u00f6\u00dft oder unangemessenes Verhalten an den Tag legt, melden Sie dies bitte sofort unseren Moderatoren. Ihre Meldungen helfen uns, ein sicheres und angenehmes Umfeld f\u00fcr alle Nutzer zu schaffen.<\/p><p>Verst\u00f6\u00dfe gegen diese Regeln k\u00f6nnen zu Verwarnungen, vor\u00fcbergehenden oder dauerhaften Sperren oder anderen Ma\u00dfnahmen f\u00fchren, die im Ermessen der Moderatoren und Mitarbeiter von ChatiMeet.com liegen. Wir behalten uns das Recht vor, diese Regeln jederzeit zu aktualisieren oder zu \u00e4ndern, um die Sicherheit und Integrit\u00e4t unserer Plattform zu gew\u00e4hrleisten. Ihre fortgesetzte Nutzung von ChatiMeet.com bedeutet, dass Sie alle \u00c4nderungen dieser Regeln akzeptieren.<\/p><p>Vielen Dank, dass Sie ein Teil der ChatiMeet.com-Gemeinschaft sind und Ihren Teil dazu beitragen, dass es ein sicherer und angenehmer Ort f\u00fcr alle ist!<\/p>\t\t\t\t\t\t\t\t<\/div>\n\t\t\t\t\t<\/div>\n\t\t<\/div>\n\t\t\t\t\t<\/div>\n\t\t<\/section>\n\t\t\t\t<\/div>","protected":false},"excerpt":{"rendered":"<p>Rules Welcome to ChatiMeet.com! Our platform is designed to create a safe and enjoyable environment for users to engage in random video chats with people from around the world. To ensure a positive experience for all users, we have established a set of rules that outline acceptable behavior and conduct on our platform. By accessing [&hellip;]<\/p>\n","protected":false},"author":1,"featured_media":0,"parent":0,"menu_order":0,"comment_status":"closed","ping_status":"closed","template":"elementor_header_footer","meta":{"footnotes":""},"class_list":["post-51","page","type-page","status-publish","hentry"],"yoast_head":"<!-- This site is optimized with the Yoast SEO plugin v27.3 - https:\/\/yoast.com\/product\/yoast-seo-wordpress\/ -->\n<title>Rules - ChatiMeet<\/title>\n<meta name=\"robots\" content=\"index, follow, max-snippet:-1, max-image-preview:large, max-video-preview:-1\" \/>\n<link rel=\"canonical\" href=\"https:\/\/chatimeet.com\/de\/rules\/\" \/>\n<meta property=\"og:locale\" content=\"de_DE\" \/>\n<meta property=\"og:type\" content=\"article\" \/>\n<meta property=\"og:title\" content=\"Rules - ChatiMeet\" \/>\n<meta property=\"og:description\" content=\"Rules Welcome to ChatiMeet.com! Our platform is designed to create a safe and enjoyable environment for users to engage in random video chats with people from around the world. To ensure a positive experience for all users, we have established a set of rules that outline acceptable behavior and conduct on our platform. By accessing [&hellip;]\" \/>\n<meta property=\"og:url\" content=\"https:\/\/chatimeet.com\/de\/rules\/\" \/>\n<meta property=\"og:site_name\" content=\"ChatiMeet\" \/>\n<meta property=\"article:modified_time\" content=\"2025-05-30T16:01:12+00:00\" \/>\n<meta property=\"og:image\" content=\"https:\/\/chatimeet.com\/wp-content\/uploads\/2023\/05\/64731f1e55365.jpg\" \/>\n\t<meta property=\"og:image:width\" content=\"1024\" \/>\n\t<meta property=\"og:image:height\" content=\"683\" \/>\n\t<meta property=\"og:image:type\" content=\"image\/jpeg\" \/>\n<meta name=\"twitter:card\" content=\"summary_large_image\" \/>\n<meta name=\"twitter:label1\" content=\"Gesch\u00e4tzte Lesezeit\" \/>\n\t<meta name=\"twitter:data1\" content=\"2\u00a0Minuten\" \/>\n<script type=\"application\/ld+json\" class=\"yoast-schema-graph\">{\"@context\":\"https:\\\/\\\/schema.org\",\"@graph\":[{\"@type\":\"WebPage\",\"@id\":\"https:\\\/\\\/chatimeet.com\\\/rules\\\/\",\"url\":\"https:\\\/\\\/chatimeet.com\\\/rules\\\/\",\"name\":\"Rules - ChatiMeet\",\"isPartOf\":{\"@id\":\"https:\\\/\\\/chatimeet.com\\\/#website\"},\"datePublished\":\"2025-05-29T19:16:22+00:00\",\"dateModified\":\"2025-05-30T16:01:12+00:00\",\"breadcrumb\":{\"@id\":\"https:\\\/\\\/chatimeet.com\\\/rules\\\/#breadcrumb\"},\"inLanguage\":\"de\",\"potentialAction\":[{\"@type\":\"ReadAction\",\"target\":[\"https:\\\/\\\/chatimeet.com\\\/rules\\\/\"]}]},{\"@type\":\"BreadcrumbList\",\"@id\":\"https:\\\/\\\/chatimeet.com\\\/rules\\\/#breadcrumb\",\"itemListElement\":[{\"@type\":\"ListItem\",\"position\":1,\"name\":\"Home\",\"item\":\"https:\\\/\\\/chatimeet.com\\\/\"},{\"@type\":\"ListItem\",\"position\":2,\"name\":\"Rules\"}]},{\"@type\":\"WebSite\",\"@id\":\"https:\\\/\\\/chatimeet.com\\\/#website\",\"url\":\"https:\\\/\\\/chatimeet.com\\\/\",\"name\":\"ChatiMeet\",\"description\":\"\",\"publisher\":{\"@id\":\"https:\\\/\\\/chatimeet.com\\\/#organization\"},\"potentialAction\":[{\"@type\":\"SearchAction\",\"target\":{\"@type\":\"EntryPoint\",\"urlTemplate\":\"https:\\\/\\\/chatimeet.com\\\/?s={search_term_string}\"},\"query-input\":{\"@type\":\"PropertyValueSpecification\",\"valueRequired\":true,\"valueName\":\"search_term_string\"}}],\"inLanguage\":\"de\"},{\"@type\":\"Organization\",\"@id\":\"https:\\\/\\\/chatimeet.com\\\/#organization\",\"name\":\"LuckyCrush\",\"url\":\"https:\\\/\\\/chatimeet.com\\\/\",\"logo\":{\"@type\":\"ImageObject\",\"inLanguage\":\"de\",\"@id\":\"https:\\\/\\\/chatimeet.com\\\/#\\\/schema\\\/logo\\\/image\\\/\",\"url\":\"https:\\\/\\\/chatimeet.com\\\/wp-content\\\/uploads\\\/2020\\\/04\\\/chats-favicon.jpg\",\"contentUrl\":\"https:\\\/\\\/chatimeet.com\\\/wp-content\\\/uploads\\\/2020\\\/04\\\/chats-favicon.jpg\",\"width\":420,\"height\":420,\"caption\":\"LuckyCrush\"},\"image\":{\"@id\":\"https:\\\/\\\/chatimeet.com\\\/#\\\/schema\\\/logo\\\/image\\\/\"}}]}<\/script>\n<!-- \/ Yoast SEO plugin. -->","yoast_head_json":{"title":"Regeln - ChatiMeet","robots":{"index":"index","follow":"follow","max-snippet":"max-snippet:-1","max-image-preview":"max-image-preview:large","max-video-preview":"max-video-preview:-1"},"canonical":"https:\/\/chatimeet.com\/de\/rules\/","og_locale":"de_DE","og_type":"article","og_title":"Rules - ChatiMeet","og_description":"Rules Welcome to ChatiMeet.com! Our platform is designed to create a safe and enjoyable environment for users to engage in random video chats with people from around the world. To ensure a positive experience for all users, we have established a set of rules that outline acceptable behavior and conduct on our platform. By accessing [&hellip;]","og_url":"https:\/\/chatimeet.com\/de\/rules\/","og_site_name":"ChatiMeet","article_modified_time":"2025-05-30T16:01:12+00:00","og_image":[{"width":1024,"height":683,"url":"https:\/\/chatimeet.com\/wp-content\/uploads\/2023\/05\/64731f1e55365.jpg","type":"image\/jpeg"}],"twitter_card":"summary_large_image","twitter_misc":{"Gesch\u00e4tzte Lesezeit":"2\u00a0Minuten"},"schema":{"@context":"https:\/\/schema.org","@graph":[{"@type":"WebPage","@id":"https:\/\/chatimeet.com\/rules\/","url":"https:\/\/chatimeet.com\/rules\/","name":"Regeln - ChatiMeet","isPartOf":{"@id":"https:\/\/chatimeet.com\/#website"},"datePublished":"2025-05-29T19:16:22+00:00","dateModified":"2025-05-30T16:01:12+00:00","breadcrumb":{"@id":"https:\/\/chatimeet.com\/rules\/#breadcrumb"},"inLanguage":"de","potentialAction":[{"@type":"ReadAction","target":["https:\/\/chatimeet.com\/rules\/"]}]},{"@type":"BreadcrumbList","@id":"https:\/\/chatimeet.com\/rules\/#breadcrumb","itemListElement":[{"@type":"ListItem","position":1,"name":"Home","item":"https:\/\/chatimeet.com\/"},{"@type":"ListItem","position":2,"name":"Rules"}]},{"@type":"WebSite","@id":"https:\/\/chatimeet.com\/#website","url":"https:\/\/chatimeet.com\/","name":"ChatiMeet","description":"","publisher":{"@id":"https:\/\/chatimeet.com\/#organization"},"potentialAction":[{"@type":"SearchAction","target":{"@type":"EntryPoint","urlTemplate":"https:\/\/chatimeet.com\/?s={search_term_string}"},"query-input":{"@type":"PropertyValueSpecification","valueRequired":true,"valueName":"search_term_string"}}],"inLanguage":"de"},{"@type":"Organization","@id":"https:\/\/chatimeet.com\/#organization","name":"LuckyCrush","url":"https:\/\/chatimeet.com\/","logo":{"@type":"ImageObject","inLanguage":"de","@id":"https:\/\/chatimeet.com\/#\/schema\/logo\/image\/","url":"https:\/\/chatimeet.com\/wp-content\/uploads\/2020\/04\/chats-favicon.jpg","contentUrl":"https:\/\/chatimeet.com\/wp-content\/uploads\/2020\/04\/chats-favicon.jpg","width":420,"height":420,"caption":"LuckyCrush"},"image":{"@id":"https:\/\/chatimeet.com\/#\/schema\/logo\/image\/"}}]}},"_links":{"self":[{"href":"https:\/\/chatimeet.com\/de\/wp-json\/wp\/v2\/pages\/51","targetHints":{"allow":["GET"]}}],"collection":[{"href":"https:\/\/chatimeet.com\/de\/wp-json\/wp\/v2\/pages"}],"about":[{"href":"https:\/\/chatimeet.com\/de\/wp-json\/wp\/v2\/types\/page"}],"author":[{"embeddable":true,"href":"https:\/\/chatimeet.com\/de\/wp-json\/wp\/v2\/users\/1"}],"replies":[{"embeddable":true,"href":"https:\/\/chatimeet.com\/de\/wp-json\/wp\/v2\/comments?post=51"}],"version-history":[{"count":10,"href":"https:\/\/chatimeet.com\/de\/wp-json\/wp\/v2\/pages\/51\/revisions"}],"predecessor-version":[{"id":2213,"href":"https:\/\/chatimeet.com\/de\/wp-json\/wp\/v2\/pages\/51\/revisions\/2213"}],"wp:attachment":[{"href":"https:\/\/chatimeet.com\/de\/wp-json\/wp\/v2\/media?parent=51"}],"curies":[{"name":"wp","href":"https:\/\/api.w.org\/{rel}","templated":true}]}}